{"id":430,"date":"2023-10-31T12:25:21","date_gmt":"2023-10-31T11:25:21","guid":{"rendered":"https:\/\/francoisrequet.net\/clairetmp\/?page_id=430"},"modified":"2025-03-02T21:29:15","modified_gmt":"2025-03-02T20:29:15","slug":"musique","status":"publish","type":"page","link":"https:\/\/clairecaillebotteharpe.com\/index.php\/musique\/","title":{"rendered":"MUSIQUE"},"content":{"rendered":"\n<h3 class=\"eplus-wrapper wp-block-heading\"><\/h3>\n\n\n\n<div style=\"height:69px\" aria-hidden=\"true\" class=\"eplus-wrapper wp-block-spacer\"><\/div>\n\n\n<div class=\"eplus-wrapper wp-block-columns is-layout-flex wp-container-core-columns-is-layout-28f84493 wp-block-columns-is-layout-flex eplus-styles-uid-fc8bdc\">\n<div class=\"beigepascool eplus-wrapper wp-block-column is-layout-flow wp-block-column-is-layout-flow\" style=\"flex-basis:66.66%\">\n<p class=\"eplus-wrapper\" style=\"padding-top:var(--wp--preset--spacing--30);padding-right:var(--wp--preset--spacing--30);padding-bottom:var(--wp--preset--spacing--30);padding-left:var(--wp--preset--spacing--30)\"><strong>Solo<\/strong><br>Inspir\u00e9e par les airs traditionnels d&#8217;Irlande et de Bretagne, Claire vous fera voyager au fil de m\u00e9lodies tant\u00f4t rythm\u00e9es, tant\u00f4t douces. Elle vous proposera ses propres arrangements, des compositions personnelles et des interm\u00e8des d&#8217;improvisation musicale. Claire interpr\u00e9tera \u00e9galement quelques reprises d\u2019harpistes ayant marqu\u00e9 son chemin, crois\u00e9s au fil des ann\u00e9es lors des Rencontres de Dinan. Laissez-vous porter par son univers, sa musique vous entra\u00eenera vers un ailleurs o\u00f9 le pr\u00e9sent s\u2019efface.<br><br><strong>Duo Chouchen<\/strong><br>La rencontre du violon et de la harpe celtique : le Duo Chouchen vous propose un voyage autour de ces instruments. Claire et Fran\u00e7ois vous invite \u00e0 c\u00e9l\u00e9brer la musique traditionnelle celtique, tout en se permettant d\u2019en d\u00e9passer les limites.<br><\/p>\n\n\n<figure class=\"wp-embed-aspect-16-9 wp-has-aspect-ratio wp-block-embed is-type-video is-provider-youtube wp-block-embed-youtube eplus-wrapper eplus-styles-uid-0d04b9\"><div class=\"wp-block-embed__wrapper\">\n<iframe loading=\"lazy\" title=\"Duo Chouchen - Extraits de reels irlandais\" width=\"500\" height=\"281\" src=\"https:\/\/www.youtube.com\/embed\/cL81g3KOfrQ?feature=oembed\" frameborder=\"0\" allow=\"accelerometer; autoplay; clipboard-write; encrypted-media; gyroscope; picture-in-picture; web-share\" referrerpolicy=\"strict-origin-when-cross-origin\" allowfullscreen><\/iframe>\n<\/div><\/figure>\n\n<figure class=\"wp-embed-aspect-16-9 wp-has-aspect-ratio wp-block-embed is-type-video is-provider-youtube wp-block-embed-youtube eplus-wrapper eplus-styles-uid-0d04b9\"><div class=\"wp-block-embed__wrapper\">\n<iframe loading=\"lazy\" title=\"Duo Chouchen - Emma's Waltz - traditionnel finlandais\" width=\"500\" height=\"281\" src=\"https:\/\/www.youtube.com\/embed\/bTUkVcQJ2zA?feature=oembed\" frameborder=\"0\" allow=\"accelerometer; autoplay; clipboard-write; encrypted-media; gyroscope; picture-in-picture; web-share\" referrerpolicy=\"strict-origin-when-cross-origin\" allowfullscreen><\/iframe>\n<\/div><\/figure>\n\n\n<p class=\"eplus-wrapper\" style=\"padding-top:var(--wp--preset--spacing--30);padding-right:var(--wp--preset--spacing--30);padding-bottom:var(--wp--preset--spacing--30);padding-left:var(--wp--preset--spacing--30)\">Fran\u00e7ois Requet<br>Ancien \u00e9l\u00e8ve du conservatoire de Besan\u00e7on, violoniste au parcours m\u00e9tiss\u00e9, il milite pour une musique sans fronti\u00e8res. Fran\u00e7ois joue \u00e9galement au sein du groupe de musique irlandaise A Paddy\u2019s Mood.<\/p>\n\n\n\n<p class=\"eplus-wrapper\" style=\"padding-top:var(--wp--preset--spacing--30);padding-right:var(--wp--preset--spacing--30);padding-bottom:var(--wp--preset--spacing--30);padding-left:var(--wp--preset--spacing--30)\"><br><br><strong>Spectacles pour les enfants<\/strong><br>Claire Caillebotte est \u00e9galement illustratrice et autrice pour la jeunesse. Elle vous propose deux spectacles autour de ses albums jeunesse :<br><br>\u00a4 PORCELAINE<br>Accompagn\u00e9e de sa harpe troubadour et de son th\u00e9\u00e2tre de papier, Claire vous entra\u00eene en musique dans le monde d\u2019Irina, une jeune femme dont la maladresse semble tisser les fils de son quotidien. Elle accumule dans une grande malle des fragments d\u2019objets qu\u2019elle a cass\u00e9s et qui pourraient bien, finalement, changer son destin.<br>Ce spectacle, inspir\u00e9 de l&#8217;album jeunesse Porcelaine, \u00e9crit et illustr\u00e9 par Claire Caillebotte et publi\u00e9 aux \u00e9ditions Maison Eliza, nous invite \u00e0 plonger dans la po\u00e9sie des failles et \u00e0 prendre conscience que l&#8217;on peut transformer ce que l&#8217;on croit \u00eatre des faiblesses, en forces.<\/p>\n\n\n<figure class=\"wp-embed-aspect-16-9 wp-has-aspect-ratio wp-block-embed is-type-video is-provider-youtube wp-block-embed-youtube eplus-wrapper eplus-styles-uid-0d04b9\"><div class=\"wp-block-embed__wrapper\">\n<iframe loading=\"lazy\" title=\"Porcelaine - Teaser - Claire Caillebotte\" width=\"500\" height=\"281\" src=\"https:\/\/www.youtube.com\/embed\/wOKyxXqk80Q?start=27&amp;feature=oembed\" frameborder=\"0\" allow=\"accelerometer; autoplay; clipboard-write; encrypted-media; gyroscope; picture-in-picture; web-share\" referrerpolicy=\"strict-origin-when-cross-origin\" allowfullscreen><\/iframe>\n<\/div><\/figure>\n\n\n<p class=\"eplus-wrapper\" style=\"padding-top:var(--wp--preset--spacing--30);padding-right:var(--wp--preset--spacing--30);padding-bottom:var(--wp--preset--spacing--30);padding-left:var(--wp--preset--spacing--30)\"><br><br>\u00a4 LOU ET LA PRINCESSE SIBEL<br>Port\u00e9e par les m\u00e9lodies de sa harpe et la magie de son th\u00e9\u00e2tre de papier, Claire vous entra\u00eene en musique dans le monde enchanteur de Lou et la princesse Sibel. Au fil des notes et des illustrations, elle tisse un conte singulier et r\u00e9solument moderne, o\u00f9 la princesse et son amie bravent elles-m\u00eames le dragon qui les d\u00e9fie.<br>Ce spectacle s\u2019inspire de l\u2019album jeunesse Lou et la princesse Sibel, \u00e9crit par Mathilde Perrault-Archambault, illustr\u00e9 par Claire Caillebotte et publi\u00e9 aux \u00e9ditions Alice Jeunesse \u2013 une c\u00e9l\u00e9bration de la force, de l&#8217;amiti\u00e9 et de la douceur au c\u0153ur des \u00e9preuves.<br><\/p>\n\n\n<figure class=\"wp-embed-aspect-16-9 wp-has-aspect-ratio wp-block-embed is-type-video is-provider-youtube wp-block-embed-youtube eplus-wrapper eplus-styles-uid-0d04b9\"><div class=\"wp-block-embed__wrapper\">\n<iframe loading=\"lazy\" title=\"Lou &amp; la princesse Sibel - Teaser - Claire Caillebotte\" width=\"500\" height=\"281\" src=\"https:\/\/www.youtube.com\/embed\/ZfGifUxh9WI?feature=oembed\" frameborder=\"0\" allow=\"accelerometer; autoplay; clipboard-write; encrypted-media; gyroscope; picture-in-picture; web-share\" referrerpolicy=\"strict-origin-when-cross-origin\" allowfullscreen><\/iframe>\n<\/div><\/figure><\/div>\n\n\n\n<div class=\"eplus-wrapper wp-block-column is-layout-flow wp-block-column-is-layout-flow\" style=\"flex-basis:33.33%\"><\/div>\n<\/div>","protected":false},"excerpt":{"rendered":"<p>SoloInspir\u00e9e par les airs traditionnels d&#8217;Irlande et de Bretagne, Claire vous fera voyager au fil de m\u00e9lodies tant\u00f4t rythm\u00e9es, tant\u00f4t douces. Elle vous proposera ses propres arrangements, des compositions personnelles et des interm\u00e8des d&#8217;improvisation musicale. Claire interpr\u00e9tera \u00e9galement quelques reprises d\u2019harpistes ayant marqu\u00e9 son chemin, crois\u00e9s au fil des ann\u00e9es lors des Rencontres de Dinan. [&hellip;]<\/p>\n","protected":false},"author":1,"featured_media":0,"parent":0,"menu_order":0,"comment_status":"closed","ping_status":"closed","template":"wp-custom-template-musique","meta":{"editor_plus_copied_stylings":"{}","footnotes":""},"class_list":["post-430","page","type-page","status-publish","hentry"],"_links":{"self":[{"href":"https:\/\/clairecaillebotteharpe.com\/index.php\/wp-json\/wp\/v2\/pages\/430","targetHints":{"allow":["GET"]}}],"collection":[{"href":"https:\/\/clairecaillebotteharpe.com\/index.php\/wp-json\/wp\/v2\/pages"}],"about":[{"href":"https:\/\/clairecaillebotteharpe.com\/index.php\/wp-json\/wp\/v2\/types\/page"}],"author":[{"embeddable":true,"href":"https:\/\/clairecaillebotteharpe.com\/index.php\/wp-json\/wp\/v2\/users\/1"}],"replies":[{"embeddable":true,"href":"https:\/\/clairecaillebotteharpe.com\/index.php\/wp-json\/wp\/v2\/comments?post=430"}],"version-history":[{"count":15,"href":"https:\/\/clairecaillebotteharpe.com\/index.php\/wp-json\/wp\/v2\/pages\/430\/revisions"}],"predecessor-version":[{"id":546,"href":"https:\/\/clairecaillebotteharpe.com\/index.php\/wp-json\/wp\/v2\/pages\/430\/revisions\/546"}],"wp:attachment":[{"href":"https:\/\/clairecaillebotteharpe.com\/index.php\/wp-json\/wp\/v2\/media?parent=430"}],"curies":[{"name":"wp","href":"https:\/\/api.w.org\/{rel}","templated":true}]}}