{"id":451,"date":"2023-10-31T12:42:06","date_gmt":"2023-10-31T11:42:06","guid":{"rendered":"https:\/\/francoisrequet.net\/clairetmp\/?page_id=451"},"modified":"2025-01-12T16:16:41","modified_gmt":"2025-01-12T15:16:41","slug":"contact","status":"publish","type":"page","link":"https:\/\/clairecaillebotteharpe.com\/index.php\/contact\/","title":{"rendered":"CONTACT"},"content":{"rendered":"\n<h3 class=\"wp-block-heading edplus_anim-0KGVS6 eplus-wrapper\"><\/h3>\n\n\n\n<div style=\"height:85px\" aria-hidden=\"true\" class=\"wp-block-spacer eplus-wrapper\"><\/div>\n\n\n\n<div class=\"wp-block-columns edplus_anim-m4DzN0 eplus-wrapper is-layout-flex wp-container-core-columns-is-layout-28f84493 wp-block-columns-is-layout-flex\">\n<div class=\"wp-block-column beigepascool eplus-wrapper is-layout-flow wp-block-column-is-layout-flow\" style=\"flex-basis:50%\">\n<p class=\"eplus-wrapper\" style=\"padding-top:var(--wp--preset--spacing--30);padding-right:var(--wp--preset--spacing--30);padding-bottom:var(--wp--preset--spacing--30);padding-left:var(--wp--preset--spacing--30)\">N&#8217;h\u00e9sitez pas \u00e0 me contacter, je vous r\u00e9pondrai avec plaisir.<br>Belle journ\u00e9e \u00e0 vous !<br><br>Pour le solo harpe et les spectacles pour enfants : <strong>caillebotte.claire@gmail.com<\/strong><br><br>Pour le duo chouchen : <strong>duochouchen@gmail.com<\/strong><\/p>\n\n\n\n<p class=\"eplus-wrapper\" style=\"padding-top:var(--wp--preset--spacing--30);padding-right:var(--wp--preset--spacing--30);padding-bottom:var(--wp--preset--spacing--30);padding-left:var(--wp--preset--spacing--30)\"><\/p>\n<\/div>\n\n\n\n<div class=\"wp-block-column eplus-wrapper is-layout-flow wp-block-column-is-layout-flow\" style=\"flex-basis:10%\"><\/div>\n<\/div>\n","protected":false},"excerpt":{"rendered":"<p>N&#8217;h\u00e9sitez pas \u00e0 me contacter, je vous r\u00e9pondrai avec plaisir.Belle journ\u00e9e \u00e0 vous ! Pour le solo harpe et les spectacles pour enfants : caillebotte.claire@gmail.com Pour le duo chouchen : duochouchen@gmail.com<\/p>\n","protected":false},"author":1,"featured_media":0,"parent":0,"menu_order":0,"comment_status":"closed","ping_status":"closed","template":"contact","meta":{"editor_plus_copied_stylings":"{}","footnotes":""},"class_list":["post-451","page","type-page","status-publish","hentry"],"_links":{"self":[{"href":"https:\/\/clairecaillebotteharpe.com\/index.php\/wp-json\/wp\/v2\/pages\/451","targetHints":{"allow":["GET"]}}],"collection":[{"href":"https:\/\/clairecaillebotteharpe.com\/index.php\/wp-json\/wp\/v2\/pages"}],"about":[{"href":"https:\/\/clairecaillebotteharpe.com\/index.php\/wp-json\/wp\/v2\/types\/page"}],"author":[{"embeddable":true,"href":"https:\/\/clairecaillebotteharpe.com\/index.php\/wp-json\/wp\/v2\/users\/1"}],"replies":[{"embeddable":true,"href":"https:\/\/clairecaillebotteharpe.com\/index.php\/wp-json\/wp\/v2\/comments?post=451"}],"version-history":[{"count":18,"href":"https:\/\/clairecaillebotteharpe.com\/index.php\/wp-json\/wp\/v2\/pages\/451\/revisions"}],"predecessor-version":[{"id":515,"href":"https:\/\/clairecaillebotteharpe.com\/index.php\/wp-json\/wp\/v2\/pages\/451\/revisions\/515"}],"wp:attachment":[{"href":"https:\/\/clairecaillebotteharpe.com\/index.php\/wp-json\/wp\/v2\/media?parent=451"}],"curies":[{"name":"wp","href":"https:\/\/api.w.org\/{rel}","templated":true}]}}