{"id":454,"date":"2023-10-31T12:51:46","date_gmt":"2023-10-31T11:51:46","guid":{"rendered":"https:\/\/francoisrequet.net\/clairetmp\/?page_id=454"},"modified":"2025-01-12T16:59:33","modified_gmt":"2025-01-12T15:59:33","slug":"bio","status":"publish","type":"page","link":"https:\/\/clairecaillebotteharpe.com\/index.php\/bio\/","title":{"rendered":"BIO"},"content":{"rendered":"\n<h3 class=\"wp-block-heading edplus_anim-0KGVS6 eplus-wrapper\">Harpiste bas\u00e9e \u00e0 Strasbourg<\/h3>\n\n\n\n<div style=\"height:72px\" aria-hidden=\"true\" class=\"wp-block-spacer eplus-wrapper\"><\/div>\n\n\n\n<div class=\"wp-block-columns edplus_anim-m4DzN0 eplus-wrapper is-layout-flex wp-container-core-columns-is-layout-28f84493 wp-block-columns-is-layout-flex\">\n<div class=\"wp-block-column beigepascool eplus-wrapper is-layout-flow wp-block-column-is-layout-flow\" style=\"flex-basis:50%\">\n<p class=\"eplus-wrapper\" style=\"padding-top:var(--wp--preset--spacing--30);padding-right:var(--wp--preset--spacing--30);padding-bottom:var(--wp--preset--spacing--30);padding-left:var(--wp--preset--spacing--30)\">Claire a grandi \u00e0 Chartres, mais c&#8217;est en Bretagne qu&#8217;elle entend pour la premi\u00e8re fois le son de la harpe \u00e0 l&#8217;\u00e2ge de 8 ans. En parall\u00e8le \u00e0 ses \u00e9tudes de harpe classique aupr\u00e8s de V\u00e9ronique Gantes-Vogt, elle se passionne \u00e9galement pour la harpe celtique, qu&#8217;elle d\u00e9couvre aux Rencontres Internationales de Harpes Celtiques de Dinan \u00e0 l&#8217;\u00e2ge de 13 ans. Ce festival et ce stage de harpe forgeront ses go\u00fbts musicaux et enrichiront ses connaissances de l&#8217;instrument. \u00c0 partir de ce moment-l\u00e0, elle y retournera chaque ann\u00e9e : d&#8217;abord comme \u00e9l\u00e8ve, puis comme b\u00e9n\u00e9vole, et enfin comme professeure. En juillet 2025, elle y donnera un concert de harpe celtique en solo dans la salle de concert des Cordeliers. La boucle est boucl\u00e9e !<br><br>En 2019, Claire croise le chemin du violoniste Fran\u00e7ois Requet, avec qui elle forme le Duo Chouchen.<br><br>Dipl\u00f4m\u00e9e de la Haute \u00c9cole des Arts du Rhin de Strasbourg en illustration, Claire a plusieurs cordes \u00e0 son arc et propose \u00e9galement des spectacles musicaux pour les enfants, inspir\u00e9s de ses albums jeunesse. <br><br>N&#8217;h\u00e9sitez pas \u00e0 en d\u00e9couvrir davantage sur ses concerts solo, le duo Chouchen et ses spectacles jeunesse dans l&#8217;onglet &#8220;Musique&#8221; du sommaire.<\/p>\n<\/div>\n\n\n\n<div class=\"wp-block-column eplus-wrapper is-layout-flow wp-block-column-is-layout-flow\" style=\"flex-basis:66.66%\"><\/div>\n<\/div>\n","protected":false},"excerpt":{"rendered":"<p>Harpiste bas\u00e9e \u00e0 Strasbourg Claire a grandi \u00e0 Chartres, mais c&#8217;est en Bretagne qu&#8217;elle entend pour la premi\u00e8re fois le son de la harpe \u00e0 l&#8217;\u00e2ge de 8 ans. En parall\u00e8le \u00e0 ses \u00e9tudes de harpe classique aupr\u00e8s de V\u00e9ronique Gantes-Vogt, elle se passionne \u00e9galement pour la harpe celtique, qu&#8217;elle d\u00e9couvre aux Rencontres Internationales de [&hellip;]<\/p>\n","protected":false},"author":1,"featured_media":0,"parent":0,"menu_order":0,"comment_status":"closed","ping_status":"closed","template":"wp-custom-template-bio","meta":{"editor_plus_copied_stylings":"{}","footnotes":""},"class_list":["post-454","page","type-page","status-publish","hentry"],"_links":{"self":[{"href":"https:\/\/clairecaillebotteharpe.com\/index.php\/wp-json\/wp\/v2\/pages\/454","targetHints":{"allow":["GET"]}}],"collection":[{"href":"https:\/\/clairecaillebotteharpe.com\/index.php\/wp-json\/wp\/v2\/pages"}],"about":[{"href":"https:\/\/clairecaillebotteharpe.com\/index.php\/wp-json\/wp\/v2\/types\/page"}],"author":[{"embeddable":true,"href":"https:\/\/clairecaillebotteharpe.com\/index.php\/wp-json\/wp\/v2\/users\/1"}],"replies":[{"embeddable":true,"href":"https:\/\/clairecaillebotteharpe.com\/index.php\/wp-json\/wp\/v2\/comments?post=454"}],"version-history":[{"count":13,"href":"https:\/\/clairecaillebotteharpe.com\/index.php\/wp-json\/wp\/v2\/pages\/454\/revisions"}],"predecessor-version":[{"id":534,"href":"https:\/\/clairecaillebotteharpe.com\/index.php\/wp-json\/wp\/v2\/pages\/454\/revisions\/534"}],"wp:attachment":[{"href":"https:\/\/clairecaillebotteharpe.com\/index.php\/wp-json\/wp\/v2\/media?parent=454"}],"curies":[{"name":"wp","href":"https:\/\/api.w.org\/{rel}","templated":true}]}}